{"id":1946,"date":"2017-03-20T14:49:09","date_gmt":"2017-03-20T13:49:09","guid":{"rendered":"https:\/\/urdaibai.com\/novedades\/"},"modified":"2020-05-18T17:01:50","modified_gmt":"2020-05-18T16:01:50","slug":"berriak","status":"publish","type":"page","link":"https:\/\/urdaibai.com\/eu\/berriak\/","title":{"rendered":"BERRIAK"},"content":{"rendered":"<p><div class=\"fusion-fullwidth fullwidth-box fusion-builder-row-1 nonhundred-percent-fullwidth non-hundred-percent-height-scrolling\" style=\"--awb-border-radius-top-left:0px;--awb-border-radius-top-right:0px;--awb-border-radius-bottom-right:0px;--awb-border-radius-bottom-left:0px;--awb-margin-top:50px;--awb-flex-wrap:wrap;\" ><div class=\"fusion-builder-row fusion-row\"><div class=\"fusion-layout-column fusion_builder_column fusion-builder-column-0 fusion_builder_column_1_1 1_1 fusion-one-full fusion-column-first fusion-column-last fusion-column-no-min-height\" style=\"--awb-bg-size:cover;--awb-margin-bottom:0px;\"><div class=\"fusion-column-wrapper fusion-flex-column-wrapper-legacy\"><div class=\"fusion-title title fusion-title-1 fusion-sep-none fusion-title-center fusion-title-text fusion-title-size-one\" style=\"--awb-margin-bottom:20px;--awb-margin-top-small:0px;--awb-margin-right-small:0px;--awb-margin-bottom-small:20px;--awb-margin-left-small:0px;\"><h1 class=\"fusion-title-heading title-heading-center fusion-responsive-typography-calculated\" style=\"margin:0;--fontSize:55;line-height:1;\"><h2><span style=\"color: #35baf2; font-weight: 900;\">UR URDAIBAIKO <\/span><span style=\"font-weight: 900;\">BERRIAK<\/span><\/h2>\n<h1 style=\"text-align: center;\">Jarduera guztien jakitun egon zaitez<\/h1><\/h1><\/div><div class=\"fusion-sep-clear\"><\/div><div class=\"fusion-separator fusion-has-icon fusion-full-width-sep\" style=\"margin-left: auto;margin-right: auto;margin-top:0px;margin-bottom:20px;width:100%;\"><div class=\"fusion-separator-border sep-double sep-dotted\" style=\"--awb-height:20px;--awb-amount:20px;--awb-sep-color:#35baf2;border-color:#35baf2;border-top-width:1px;border-bottom-width:1px;\"><\/div><span class=\"icon-wrapper\" style=\"border-color:#35baf2;background-color:#f0f0f0;font-size:16px;width: 1.75em; height: 1.75em;border-width:1px;padding:1px;\"><i class=\" fa fa-star\" style=\"font-size: inherit;color:#35baf2;\" aria-hidden=\"true\"><\/i><\/span><div class=\"fusion-separator-border sep-double sep-dotted\" style=\"--awb-height:20px;--awb-amount:20px;--awb-sep-color:#35baf2;border-color:#35baf2;border-top-width:1px;border-bottom-width:1px;\"><\/div><\/div><div class=\"fusion-sep-clear\"><\/div><div class=\"fusion-clearfix\"><\/div><\/div><\/div><\/div><\/div><div class=\"fusion-fullwidth fullwidth-box fusion-builder-row-2 nonhundred-percent-fullwidth non-hundred-percent-height-scrolling\" style=\"--awb-background-position:left top;--awb-border-radius-top-left:0px;--awb-border-radius-top-right:0px;--awb-border-radius-bottom-right:0px;--awb-border-radius-bottom-left:0px;--awb-padding-top:80px;--awb-padding-bottom:100px;--awb-border-sizes-top:0px;--awb-border-sizes-bottom:0px;--awb-flex-wrap:wrap;\" ><div class=\"fusion-builder-row fusion-row\"><div class=\"fusion-layout-column fusion_builder_column fusion-builder-column-1 fusion_builder_column_1_1 1_1 fusion-one-full fusion-column-first fusion-column-last\" style=\"--awb-bg-size:cover;\"><div class=\"fusion-column-wrapper fusion-flex-column-wrapper-legacy\"><div class=\"fusion-blog-shortcode fusion-blog-shortcode-1 fusion-blog-archive fusion-blog-layout-grid-wrapper fusion-blog-pagination\"><style type=\"text\/css\">.fusion-blog-shortcode-1 .fusion-blog-layout-grid .fusion-post-grid{padding:25px;}.fusion-blog-shortcode-1 .fusion-posts-container{margin-left: -25px !important; margin-right:-25px !important;}<\/style><div class=\"fusion-posts-container fusion-posts-container-pagination fusion-no-meta-info fusion-blog-rollover fusion-blog-layout-grid fusion-blog-layout-grid-2 isotope\" data-pages=\"1\" data-grid-col-space=\"50\" style=\"margin: -25px -25px 0;min-height:500px;\"><article id=\"blog-1-post-2321\" class=\"fusion-post-grid post-2321 post type-post status-publish format-standard has-post-thumbnail hentry category-uncategorized-eu tag-actividades-eu tag-aventura-eu tag-descenso-en-canoa-eu tag-euskadi-eu tag-laida-eu tag-reserva-de-la-biosfera-eu tag-stand-up-paddle-eu tag-turismo-activo-eu tag-turismo-familiar-eu tag-urdaibai-eu\">\n<div class=\"fusion-post-wrapper\" style=\"background-color:rgba(255,255,255,0);border:1px solid #e8e8e8;border-bottom-width:3px;\">\n\n\t\t\t<div class=\"fusion-flexslider flexslider fusion-flexslider-loading fusion-post-slideshow\" style=\"border-color:#e8e8e8;\">\n\t\t<ul class=\"slides\">\n\t\t\t\n\t\t\t\t\t\t\t\t\t\t\t\t\t\t<li><div  class=\"fusion-image-wrapper\" aria-haspopup=\"true\">\n\t\t\t\t<img decoding=\"async\" width=\"1000\" height=\"719\" src=\"https:\/\/urdaibai.com\/wp-content\/uploads\/2022\/03\/semana-santa-ur-urdaibai.jpg\" class=\"attachment-full size-full lazyload wp-post-image\" alt=\"Semana Santa UR Urdaibai\" srcset=\"data:image\/svg+xml,%3Csvg%20xmlns%3D%27http%3A%2F%2Fwww.w3.org%2F2000%2Fsvg%27%20width%3D%271000%27%20height%3D%27719%27%20viewBox%3D%270%200%201000%20719%27%3E%3Crect%20width%3D%271000%27%20height%3D%27719%27%20fill-opacity%3D%220%22%2F%3E%3C%2Fsvg%3E\" data-orig-src=\"https:\/\/urdaibai.com\/wp-content\/uploads\/2022\/03\/semana-santa-ur-urdaibai.jpg\" data-srcset=\"https:\/\/urdaibai.com\/wp-content\/uploads\/2022\/03\/semana-santa-ur-urdaibai-200x144.jpg 200w, https:\/\/urdaibai.com\/wp-content\/uploads\/2022\/03\/semana-santa-ur-urdaibai-400x288.jpg 400w, https:\/\/urdaibai.com\/wp-content\/uploads\/2022\/03\/semana-santa-ur-urdaibai-600x431.jpg 600w, https:\/\/urdaibai.com\/wp-content\/uploads\/2022\/03\/semana-santa-ur-urdaibai-800x575.jpg 800w, https:\/\/urdaibai.com\/wp-content\/uploads\/2022\/03\/semana-santa-ur-urdaibai.jpg 1000w\" data-sizes=\"auto\" \/><div class=\"fusion-rollover\">\n\t<div class=\"fusion-rollover-content\">\n\n\t\t\t\t\t\t\t\t\t\t\t\t\t\t<a class=\"fusion-rollover-link\" href=\"https:\/\/urdaibai.com\/eu\/2022\/03\/15\/semana-santa-en-ur-urdaibai-2\/\">Semana Santa en UR Urdaibai<\/a>\n\t\t\t\n\t\t\t\t\t\t\t\t\t\t\t\t\t\t\n\t\t\t\t\t\t\t\t\n\t\t\t\t\t\t\t\t\t\t\t\t\t<div class=\"fusion-rollover-sep\"><\/div>\n\t\t\t\t\n\t\t\t\t\t\t\t\t\t\t\t\t\t\t\t\t\t\t<a class=\"fusion-rollover-gallery\" href=\"https:\/\/urdaibai.com\/wp-content\/uploads\/2022\/03\/semana-santa-ur-urdaibai.jpg\" data-options=\"\" data-id=\"2321\" data-rel=\"iLightbox[gallery]\" data-title=\"semana-santa-ur-urdaibai\" data-caption=\"\">\n\t\t\t\t\t\tGallery\t\t\t\t\t<\/a>\n\t\t\t\t\t\t\t\t\t\t\t\t\t\t\n\t\t\n\t\t\t\t\t\t\t\t\n\t\t\t\t\t\t\t\t\n\t\t\n\t\t\t\t\t\t<a class=\"fusion-link-wrapper\" href=\"https:\/\/urdaibai.com\/eu\/2022\/03\/15\/semana-santa-en-ur-urdaibai-2\/\" aria-label=\"Semana Santa en UR Urdaibai\"><\/a>\n\t<\/div>\n<\/div>\n<\/div>\n<\/li>\n\t\t\t\n\t\t\t\n\t\t\t\t\t\t\t\t\t\t\t\t\t\t\t\t\t\t\t\t\t\t\t\t\t\t\t\t\t\t\t\t\t\t\t\t\t\t\t\t\t\t\t\t\t\t\t\t\t\t\t\t\t\t\t\t\t\t\t\t\t\t\t\t\t\t\t\t<\/ul>\n\t<\/div>\n\t<div class=\"fusion-post-content-wrapper\" style=\"padding:30px 25px 20px 25px;\"><div class=\"fusion-post-content post-content\"><h2 class=\"blog-shortcode-post-title entry-title\"><a href=\"https:\/\/urdaibai.com\/eu\/2022\/03\/15\/semana-santa-en-ur-urdaibai-2\/\">Semana Santa en UR Urdaibai<\/a><\/h2><div class=\"fusion-post-content-container\"><p> SEMANA SANTA EN UR URDAIBAI Como este a\u00f1o la Semana Santa viene en una buena fecha para las actividades en el medio natural, y ya es tiempo de darnos el primer chapuz\u00f3n, [...]<\/p><\/div><\/div><\/div><div class=\"fusion-clearfix\"><\/div><\/div>\n<\/article>\n<article id=\"blog-1-post-2309\" class=\"fusion-post-grid post-2309 post type-post status-publish format-standard has-post-thumbnail hentry category-novedades-eu tag-carta-europea-de-turismo-sostenible-eu tag-cets-eu tag-codigo-etico-eu tag-turismo-sostenible-eu tag-ur-urdaibai-eu tag-urdaibai-eu\">\n<div class=\"fusion-post-wrapper\" style=\"background-color:rgba(255,255,255,0);border:1px solid #e8e8e8;border-bottom-width:3px;\">\n\n\t\t\t<div class=\"fusion-flexslider flexslider fusion-flexslider-loading fusion-post-slideshow\" style=\"border-color:#e8e8e8;\">\n\t\t<ul class=\"slides\">\n\t\t\t\n\t\t\t\t\t\t\t\t\t\t\t\t\t\t<li><div  class=\"fusion-image-wrapper\" aria-haspopup=\"true\">\n\t\t\t\t<img decoding=\"async\" width=\"1000\" height=\"719\" src=\"https:\/\/urdaibai.com\/wp-content\/uploads\/2022\/03\/actividades-turismo-sostenible-urdaibai.jpg\" class=\"attachment-full size-full lazyload wp-post-image\" alt=\"\" srcset=\"data:image\/svg+xml,%3Csvg%20xmlns%3D%27http%3A%2F%2Fwww.w3.org%2F2000%2Fsvg%27%20width%3D%271000%27%20height%3D%27719%27%20viewBox%3D%270%200%201000%20719%27%3E%3Crect%20width%3D%271000%27%20height%3D%27719%27%20fill-opacity%3D%220%22%2F%3E%3C%2Fsvg%3E\" data-orig-src=\"https:\/\/urdaibai.com\/wp-content\/uploads\/2022\/03\/actividades-turismo-sostenible-urdaibai.jpg\" data-srcset=\"https:\/\/urdaibai.com\/wp-content\/uploads\/2022\/03\/actividades-turismo-sostenible-urdaibai-200x144.jpg 200w, https:\/\/urdaibai.com\/wp-content\/uploads\/2022\/03\/actividades-turismo-sostenible-urdaibai-400x288.jpg 400w, https:\/\/urdaibai.com\/wp-content\/uploads\/2022\/03\/actividades-turismo-sostenible-urdaibai-600x431.jpg 600w, https:\/\/urdaibai.com\/wp-content\/uploads\/2022\/03\/actividades-turismo-sostenible-urdaibai-800x575.jpg 800w, https:\/\/urdaibai.com\/wp-content\/uploads\/2022\/03\/actividades-turismo-sostenible-urdaibai.jpg 1000w\" data-sizes=\"auto\" \/><div class=\"fusion-rollover\">\n\t<div class=\"fusion-rollover-content\">\n\n\t\t\t\t\t\t\t\t\t\t\t\t\t\t<a class=\"fusion-rollover-link\" href=\"https:\/\/urdaibai.com\/eu\/2022\/03\/10\/ur-urdaibai-en-dossier-actividades-turismo-sostenible-urdaibai\/\">UR Urdaibai con el Turismo Sostenible de Urdaibai<\/a>\n\t\t\t\n\t\t\t\t\t\t\t\t\t\t\t\t\t\t\n\t\t\t\t\t\t\t\t\n\t\t\t\t\t\t\t\t\t\t\t\t\t<div class=\"fusion-rollover-sep\"><\/div>\n\t\t\t\t\n\t\t\t\t\t\t\t\t\t\t\t\t\t\t\t\t\t\t<a class=\"fusion-rollover-gallery\" href=\"https:\/\/urdaibai.com\/wp-content\/uploads\/2022\/03\/actividades-turismo-sostenible-urdaibai.jpg\" data-options=\"\" data-id=\"2309\" data-rel=\"iLightbox[gallery]\" data-title=\"actividades-turismo-sostenible-urdaibai\" data-caption=\"\">\n\t\t\t\t\t\tGallery\t\t\t\t\t<\/a>\n\t\t\t\t\t\t\t\t\t\t\t\t\t\t\n\t\t\n\t\t\t\t\t\t\t\t\n\t\t\t\t\t\t\t\t\n\t\t\n\t\t\t\t\t\t<a class=\"fusion-link-wrapper\" href=\"https:\/\/urdaibai.com\/eu\/2022\/03\/10\/ur-urdaibai-en-dossier-actividades-turismo-sostenible-urdaibai\/\" aria-label=\"UR Urdaibai con el Turismo Sostenible de Urdaibai\"><\/a>\n\t<\/div>\n<\/div>\n<\/div>\n<\/li>\n\t\t\t\n\t\t\t\n\t\t\t\t\t\t\t\t\t\t\t\t\t\t\t\t\t\t\t\t\t\t\t\t\t\t\t\t\t\t\t\t\t\t\t\t\t\t\t\t\t\t\t\t\t\t\t\t\t\t\t\t\t\t\t\t\t\t\t\t\t\t\t\t\t\t\t\t<\/ul>\n\t<\/div>\n\t<div class=\"fusion-post-content-wrapper\" style=\"padding:30px 25px 20px 25px;\"><div class=\"fusion-post-content post-content\"><h2 class=\"blog-shortcode-post-title entry-title\"><a href=\"https:\/\/urdaibai.com\/eu\/2022\/03\/10\/ur-urdaibai-en-dossier-actividades-turismo-sostenible-urdaibai\/\">UR Urdaibai con el Turismo Sostenible de Urdaibai<\/a><\/h2><div class=\"fusion-post-content-container\"><p> UR URDAIBAI CON EL TURISMO SOSTENIBLE DE URDAIBAI En UR Urdaibai continuamos con el compromiso por el Turismo Sostenible en la Reserva de la Biosfera de Urdaibai. Hemos sido elegidos entre las [...]<\/p><\/div><\/div><\/div><div class=\"fusion-clearfix\"><\/div><\/div>\n<\/article>\n<article id=\"blog-1-post-2292\" class=\"fusion-post-grid post-2292 post type-post status-publish format-standard has-post-thumbnail hentry category-novedades-eu tag-buenas-practicas-avanzadas-eu tag-coronavirus-eu tag-destino-seguro-eu tag-ur-urdaibai-eu tag-uraventurasegura-eu tag-urdaibai-eu\">\n<div class=\"fusion-post-wrapper\" style=\"background-color:rgba(255,255,255,0);border:1px solid #e8e8e8;border-bottom-width:3px;\">\n\n\t\t\t<div class=\"fusion-flexslider flexslider fusion-flexslider-loading fusion-post-slideshow\" style=\"border-color:#e8e8e8;\">\n\t\t<ul class=\"slides\">\n\t\t\t\n\t\t\t\t\t\t\t\t\t\t\t\t\t\t<li><div  class=\"fusion-image-wrapper\" aria-haspopup=\"true\">\n\t\t\t\t<img decoding=\"async\" width=\"1000\" height=\"719\" src=\"https:\/\/urdaibai.com\/wp-content\/uploads\/2021\/07\/destino-seguro-SICTED.jpg\" class=\"attachment-full size-full lazyload wp-post-image\" alt=\"\" srcset=\"data:image\/svg+xml,%3Csvg%20xmlns%3D%27http%3A%2F%2Fwww.w3.org%2F2000%2Fsvg%27%20width%3D%271000%27%20height%3D%27719%27%20viewBox%3D%270%200%201000%20719%27%3E%3Crect%20width%3D%271000%27%20height%3D%27719%27%20fill-opacity%3D%220%22%2F%3E%3C%2Fsvg%3E\" data-orig-src=\"https:\/\/urdaibai.com\/wp-content\/uploads\/2021\/07\/destino-seguro-SICTED.jpg\" data-srcset=\"https:\/\/urdaibai.com\/wp-content\/uploads\/2021\/07\/destino-seguro-SICTED-200x144.jpg 200w, https:\/\/urdaibai.com\/wp-content\/uploads\/2021\/07\/destino-seguro-SICTED-400x288.jpg 400w, https:\/\/urdaibai.com\/wp-content\/uploads\/2021\/07\/destino-seguro-SICTED-600x431.jpg 600w, https:\/\/urdaibai.com\/wp-content\/uploads\/2021\/07\/destino-seguro-SICTED-800x575.jpg 800w, https:\/\/urdaibai.com\/wp-content\/uploads\/2021\/07\/destino-seguro-SICTED.jpg 1000w\" data-sizes=\"auto\" \/><div class=\"fusion-rollover\">\n\t<div class=\"fusion-rollover-content\">\n\n\t\t\t\t\t\t\t\t\t\t\t\t\t\t<a class=\"fusion-rollover-link\" href=\"https:\/\/urdaibai.com\/eu\/2021\/07\/29\/ur-urdaibai-diploma-sicted-como-destino-seguro\/\">UR Urdaibai Diploma Destino Seguro<\/a>\n\t\t\t\n\t\t\t\t\t\t\t\t\t\t\t\t\t\t\n\t\t\t\t\t\t\t\t\n\t\t\t\t\t\t\t\t\t\t\t\t\t<div class=\"fusion-rollover-sep\"><\/div>\n\t\t\t\t\n\t\t\t\t\t\t\t\t\t\t\t\t\t\t\t\t\t\t<a class=\"fusion-rollover-gallery\" href=\"https:\/\/urdaibai.com\/wp-content\/uploads\/2021\/07\/destino-seguro-SICTED.jpg\" data-options=\"\" data-id=\"2292\" data-rel=\"iLightbox[gallery]\" data-title=\"destino-seguro-SICTED\" data-caption=\"\">\n\t\t\t\t\t\tGallery\t\t\t\t\t<\/a>\n\t\t\t\t\t\t\t\t\t\t\t\t\t\t\n\t\t\n\t\t\t\t\t\t\t\t\n\t\t\t\t\t\t\t\t\n\t\t\n\t\t\t\t\t\t<a class=\"fusion-link-wrapper\" href=\"https:\/\/urdaibai.com\/eu\/2021\/07\/29\/ur-urdaibai-diploma-sicted-como-destino-seguro\/\" aria-label=\"UR Urdaibai Diploma Destino Seguro\"><\/a>\n\t<\/div>\n<\/div>\n<\/div>\n<\/li>\n\t\t\t\n\t\t\t\n\t\t\t\t\t\t\t\t\t\t\t\t\t\t\t\t\t\t\t\t\t\t\t\t\t\t\t\t\t\t\t\t\t\t\t\t\t\t\t\t\t\t\t\t\t\t\t\t\t\t\t\t\t\t\t\t\t\t\t\t\t\t\t\t\t\t\t\t<\/ul>\n\t<\/div>\n\t<div class=\"fusion-post-content-wrapper\" style=\"padding:30px 25px 20px 25px;\"><div class=\"fusion-post-content post-content\"><h2 class=\"blog-shortcode-post-title entry-title\"><a href=\"https:\/\/urdaibai.com\/eu\/2021\/07\/29\/ur-urdaibai-diploma-sicted-como-destino-seguro\/\">UR Urdaibai Diploma Destino Seguro<\/a><\/h2><div class=\"fusion-post-content-container\"><p>UR Urdaibai ha obtenido el Diploma de \u201cBuenas Pr\u00e1cticas Avanzadas SICTED para la reducci\u00f3n del riesgo de contagio por el coronavirus SARS-CoV-19 en el sector tur\u00edstico\u201d\u00a0promovido por el SICTED en apoyo a los [...]<\/p><\/div><\/div><\/div><div class=\"fusion-clearfix\"><\/div><\/div>\n<\/article>\n<div class=\"fusion-clearfix\"><\/div><\/div><\/div><div class=\"fusion-clearfix\"><\/div><\/div><\/div><\/div><\/div><\/p>\n","protected":false},"excerpt":{"rendered":"","protected":false},"author":1,"featured_media":0,"parent":0,"menu_order":0,"comment_status":"closed","ping_status":"closed","template":"side-navigation.php","meta":{"footnotes":""},"class_list":["post-1946","page","type-page","status-publish","hentry"],"yoast_head":"<!-- This site is optimized with the Yoast SEO plugin v27.5 - https:\/\/yoast.com\/product\/yoast-seo-wordpress\/ -->\n<title>BERRIAK - Urdaibai Aventura y Turismo Activo en Bizkaia<\/title>\n<meta name=\"robots\" content=\"index, follow, max-snippet:-1, max-image-preview:large, max-video-preview:-1\" \/>\n<link rel=\"canonical\" href=\"https:\/\/urdaibai.com\/eu\/berriak\/\" \/>\n<meta property=\"og:locale\" content=\"eu_ES\" \/>\n<meta property=\"og:type\" content=\"article\" \/>\n<meta property=\"og:title\" content=\"BERRIAK - Urdaibai Aventura y Turismo Activo en Bizkaia\" \/>\n<meta property=\"og:url\" content=\"https:\/\/urdaibai.com\/eu\/berriak\/\" \/>\n<meta property=\"og:site_name\" content=\"Urdaibai Aventura y Turismo Activo en Bizkaia\" \/>\n<meta property=\"article:modified_time\" content=\"2020-05-18T16:01:50+00:00\" \/>\n<meta name=\"twitter:card\" content=\"summary_large_image\" \/>\n<meta name=\"twitter:label1\" content=\"Est. reading time\" \/>\n\t<meta name=\"twitter:data1\" content=\"2 minutes\" \/>\n<script type=\"application\/ld+json\" class=\"yoast-schema-graph\">{\"@context\":\"https:\\\/\\\/schema.org\",\"@graph\":[{\"@type\":\"WebPage\",\"@id\":\"https:\\\/\\\/urdaibai.com\\\/eu\\\/berriak\\\/\",\"url\":\"https:\\\/\\\/urdaibai.com\\\/eu\\\/berriak\\\/\",\"name\":\"BERRIAK - Urdaibai Aventura y Turismo Activo en Bizkaia\",\"isPartOf\":{\"@id\":\"https:\\\/\\\/urdaibai.com\\\/#website\"},\"datePublished\":\"2017-03-20T13:49:09+00:00\",\"dateModified\":\"2020-05-18T16:01:50+00:00\",\"breadcrumb\":{\"@id\":\"https:\\\/\\\/urdaibai.com\\\/eu\\\/berriak\\\/#breadcrumb\"},\"inLanguage\":\"eu-ES\",\"potentialAction\":[{\"@type\":\"ReadAction\",\"target\":[\"https:\\\/\\\/urdaibai.com\\\/eu\\\/berriak\\\/\"]}]},{\"@type\":\"BreadcrumbList\",\"@id\":\"https:\\\/\\\/urdaibai.com\\\/eu\\\/berriak\\\/#breadcrumb\",\"itemListElement\":[{\"@type\":\"ListItem\",\"position\":1,\"name\":\"Portada\",\"item\":\"https:\\\/\\\/urdaibai.com\\\/eu\\\/\"},{\"@type\":\"ListItem\",\"position\":2,\"name\":\"BERRIAK\"}]},{\"@type\":\"WebSite\",\"@id\":\"https:\\\/\\\/urdaibai.com\\\/#website\",\"url\":\"https:\\\/\\\/urdaibai.com\\\/\",\"name\":\"Urdaibai Aventura y Turismo Activo en Bizkaia\",\"description\":\"Aventura y Turismo Activo en Urdaibai en Bizkaia\\\/Vizcaya, Pa\u00eds Vasco\\\/Euskadi\",\"potentialAction\":[{\"@type\":\"SearchAction\",\"target\":{\"@type\":\"EntryPoint\",\"urlTemplate\":\"https:\\\/\\\/urdaibai.com\\\/?s={search_term_string}\"},\"query-input\":{\"@type\":\"PropertyValueSpecification\",\"valueRequired\":true,\"valueName\":\"search_term_string\"}}],\"inLanguage\":\"eu-ES\"}]}<\/script>\n<!-- \/ Yoast SEO plugin. -->","yoast_head_json":{"title":"BERRIAK - Urdaibai Aventura y Turismo Activo en Bizkaia","robots":{"index":"index","follow":"follow","max-snippet":"max-snippet:-1","max-image-preview":"max-image-preview:large","max-video-preview":"max-video-preview:-1"},"canonical":"https:\/\/urdaibai.com\/eu\/berriak\/","og_locale":"eu_ES","og_type":"article","og_title":"BERRIAK - Urdaibai Aventura y Turismo Activo en Bizkaia","og_url":"https:\/\/urdaibai.com\/eu\/berriak\/","og_site_name":"Urdaibai Aventura y Turismo Activo en Bizkaia","article_modified_time":"2020-05-18T16:01:50+00:00","twitter_card":"summary_large_image","twitter_misc":{"Est. reading time":"2 minutes"},"schema":{"@context":"https:\/\/schema.org","@graph":[{"@type":"WebPage","@id":"https:\/\/urdaibai.com\/eu\/berriak\/","url":"https:\/\/urdaibai.com\/eu\/berriak\/","name":"BERRIAK - Urdaibai Aventura y Turismo Activo en Bizkaia","isPartOf":{"@id":"https:\/\/urdaibai.com\/#website"},"datePublished":"2017-03-20T13:49:09+00:00","dateModified":"2020-05-18T16:01:50+00:00","breadcrumb":{"@id":"https:\/\/urdaibai.com\/eu\/berriak\/#breadcrumb"},"inLanguage":"eu-ES","potentialAction":[{"@type":"ReadAction","target":["https:\/\/urdaibai.com\/eu\/berriak\/"]}]},{"@type":"BreadcrumbList","@id":"https:\/\/urdaibai.com\/eu\/berriak\/#breadcrumb","itemListElement":[{"@type":"ListItem","position":1,"name":"Portada","item":"https:\/\/urdaibai.com\/eu\/"},{"@type":"ListItem","position":2,"name":"BERRIAK"}]},{"@type":"WebSite","@id":"https:\/\/urdaibai.com\/#website","url":"https:\/\/urdaibai.com\/","name":"Urdaibai Aventura y Turismo Activo en Bizkaia","description":"Aventura y Turismo Activo en Urdaibai en Bizkaia\/Vizcaya, Pa\u00eds Vasco\/Euskadi","potentialAction":[{"@type":"SearchAction","target":{"@type":"EntryPoint","urlTemplate":"https:\/\/urdaibai.com\/?s={search_term_string}"},"query-input":{"@type":"PropertyValueSpecification","valueRequired":true,"valueName":"search_term_string"}}],"inLanguage":"eu-ES"}]}},"_links":{"self":[{"href":"https:\/\/urdaibai.com\/eu\/wp-json\/wp\/v2\/pages\/1946","targetHints":{"allow":["GET"]}}],"collection":[{"href":"https:\/\/urdaibai.com\/eu\/wp-json\/wp\/v2\/pages"}],"about":[{"href":"https:\/\/urdaibai.com\/eu\/wp-json\/wp\/v2\/types\/page"}],"author":[{"embeddable":true,"href":"https:\/\/urdaibai.com\/eu\/wp-json\/wp\/v2\/users\/1"}],"replies":[{"embeddable":true,"href":"https:\/\/urdaibai.com\/eu\/wp-json\/wp\/v2\/comments?post=1946"}],"version-history":[{"count":2,"href":"https:\/\/urdaibai.com\/eu\/wp-json\/wp\/v2\/pages\/1946\/revisions"}],"predecessor-version":[{"id":2044,"href":"https:\/\/urdaibai.com\/eu\/wp-json\/wp\/v2\/pages\/1946\/revisions\/2044"}],"wp:attachment":[{"href":"https:\/\/urdaibai.com\/eu\/wp-json\/wp\/v2\/media?parent=1946"}],"curies":[{"name":"wp","href":"https:\/\/api.w.org\/{rel}","templated":true}]}}